{"id":679,"date":"2023-03-22T11:54:39","date_gmt":"2023-03-22T11:54:39","guid":{"rendered":"https:\/\/web3.4vlab.org\/?post_type=product&#038;p=679"},"modified":"2023-03-28T11:18:16","modified_gmt":"2023-03-28T11:18:16","slug":"microfon","status":"publish","type":"product","link":"https:\/\/web3.4vlab.org\/index.php\/producto\/microfon\/","title":{"rendered":"MICROFON"},"content":{"rendered":"<ul class=\"elementor-icon-list-items\">\n<li class=\"elementor-icon-list-item\"><span class=\"elementor-icon-list-text\">El sistema neum\u00e1tico antigolpes reduce el ruido por la manipulaci\u00f3n del micr\u00f3fono<\/span><\/li>\n<li class=\"elementor-icon-list-item\"><span class=\"elementor-icon-list-icon\"><i class=\"fas fa-check-circle\" aria-hidden=\"true\"><\/i><\/span><span class=\"elementor-icon-list-text\">Eficaz filtro esf\u00e9rico antipop y antiviento integrado<\/span><\/li>\n<li class=\"elementor-icon-list-item\"><span class=\"elementor-icon-list-icon\"><i class=\"fas fa-check-circle\" aria-hidden=\"true\"><\/i><\/span><span class=\"elementor-icon-list-text\">a\u00edsla la fuente de sonido principal y minimiza el ruido ambiente<\/span><\/li>\n<\/ul>\n","protected":false},"excerpt":{"rendered":"<p>El sistema neum\u00e1tico antigolpes reduce el ruido por la manipulaci\u00f3n del micr\u00f3fono Eficaz filtro esf\u00e9rico antipop y antiviento integrado a\u00edsla la fuente de sonido principal y minimiza el ruido ambiente<\/p>\n","protected":false},"featured_media":681,"comment_status":"open","ping_status":"closed","template":"","meta":[],"product_cat":[20],"product_tag":[],"class_list":["post-679","product","type-product","status-publish","has-post-thumbnail","hentry","product_cat-voz-es"],"_links":{"self":[{"href":"https:\/\/web3.4vlab.org\/index.php\/wp-json\/wp\/v2\/product\/679","targetHints":{"allow":["GET"]}}],"collection":[{"href":"https:\/\/web3.4vlab.org\/index.php\/wp-json\/wp\/v2\/product"}],"about":[{"href":"https:\/\/web3.4vlab.org\/index.php\/wp-json\/wp\/v2\/types\/product"}],"replies":[{"embeddable":true,"href":"https:\/\/web3.4vlab.org\/index.php\/wp-json\/wp\/v2\/comments?post=679"}],"wp:featuredmedia":[{"embeddable":true,"href":"https:\/\/web3.4vlab.org\/index.php\/wp-json\/wp\/v2\/media\/681"}],"wp:attachment":[{"href":"https:\/\/web3.4vlab.org\/index.php\/wp-json\/wp\/v2\/media?parent=679"}],"wp:term":[{"taxonomy":"product_cat","embeddable":true,"href":"https:\/\/web3.4vlab.org\/index.php\/wp-json\/wp\/v2\/product_cat?post=679"},{"taxonomy":"product_tag","embeddable":true,"href":"https:\/\/web3.4vlab.org\/index.php\/wp-json\/wp\/v2\/product_tag?post=679"}],"curies":[{"name":"wp","href":"https:\/\/api.w.org\/{rel}","templated":true}]}}