{"id":671,"date":"2023-03-22T11:46:13","date_gmt":"2023-03-22T11:46:13","guid":{"rendered":"https:\/\/web3.4vlab.org\/?post_type=product&#038;p=671"},"modified":"2023-03-29T10:27:18","modified_gmt":"2023-03-29T10:27:18","slug":"tecalcula","status":"publish","type":"product","link":"https:\/\/web3.4vlab.org\/index.php\/producto\/tecalcula\/","title":{"rendered":"TECALCULA"},"content":{"rendered":"<ul style=\"font-weight: 300;\">\n<li><span style=\"font-weight: 300;\">\u00datiles para realizar complejos c\u00e1lculos matem\u00e1ticos<\/span><\/li>\n<li><span style=\"font-weight: 300;\">Funciona tanto de manera tactil y por voz<\/span><\/li>\n<li><span style=\"font-weight: 300;\">Novedad<\/span><\/li>\n<\/ul>\n","protected":false},"excerpt":{"rendered":"<p>\u00datiles para realizar complejos c\u00e1lculos matem\u00e1ticos Funciona tanto de manera tactil y por voz Novedad<\/p>\n","protected":false},"featured_media":672,"comment_status":"open","ping_status":"closed","template":"","meta":[],"product_cat":[142],"product_tag":[],"class_list":["post-671","product","type-product","status-publish","has-post-thumbnail","hentry","product_cat-mixed-es"],"_links":{"self":[{"href":"https:\/\/web3.4vlab.org\/index.php\/wp-json\/wp\/v2\/product\/671","targetHints":{"allow":["GET"]}}],"collection":[{"href":"https:\/\/web3.4vlab.org\/index.php\/wp-json\/wp\/v2\/product"}],"about":[{"href":"https:\/\/web3.4vlab.org\/index.php\/wp-json\/wp\/v2\/types\/product"}],"replies":[{"embeddable":true,"href":"https:\/\/web3.4vlab.org\/index.php\/wp-json\/wp\/v2\/comments?post=671"}],"wp:featuredmedia":[{"embeddable":true,"href":"https:\/\/web3.4vlab.org\/index.php\/wp-json\/wp\/v2\/media\/672"}],"wp:attachment":[{"href":"https:\/\/web3.4vlab.org\/index.php\/wp-json\/wp\/v2\/media?parent=671"}],"wp:term":[{"taxonomy":"product_cat","embeddable":true,"href":"https:\/\/web3.4vlab.org\/index.php\/wp-json\/wp\/v2\/product_cat?post=671"},{"taxonomy":"product_tag","embeddable":true,"href":"https:\/\/web3.4vlab.org\/index.php\/wp-json\/wp\/v2\/product_tag?post=671"}],"curies":[{"name":"wp","href":"https:\/\/api.w.org\/{rel}","templated":true}]}}