{"id":666,"date":"2023-03-22T11:44:46","date_gmt":"2023-03-22T11:44:46","guid":{"rendered":"https:\/\/web3.4vlab.org\/?post_type=product&#038;p=666"},"modified":"2023-03-29T10:26:29","modified_gmt":"2023-03-29T10:26:29","slug":"led","status":"publish","type":"product","link":"https:\/\/web3.4vlab.org\/index.php\/producto\/led\/","title":{"rendered":"Led"},"content":{"rendered":"<ul style=\"font-weight: 300;\">\n<li><span style=\"font-weight: 300;\">Apto para espacios con luminosidad suave<\/span><\/li>\n<li><span style=\"font-weight: 300;\">Fuente LED con m\u00e1s de 20 a\u00f1os de vida \u00fatil<\/span><\/li>\n<li><span style=\"font-weight: 300;\">Diferentes colores<\/span><\/li>\n<\/ul>\n","protected":false},"excerpt":{"rendered":"<p>Apto para espacios con luminosidad suave Fuente LED con m\u00e1s de 20 a\u00f1os de vida \u00fatil Diferentes colores<\/p>\n","protected":false},"featured_media":667,"comment_status":"open","ping_status":"closed","template":"","meta":[],"product_cat":[142],"product_tag":[],"class_list":["post-666","product","type-product","status-publish","has-post-thumbnail","hentry","product_cat-mixed-es"],"_links":{"self":[{"href":"https:\/\/web3.4vlab.org\/index.php\/wp-json\/wp\/v2\/product\/666","targetHints":{"allow":["GET"]}}],"collection":[{"href":"https:\/\/web3.4vlab.org\/index.php\/wp-json\/wp\/v2\/product"}],"about":[{"href":"https:\/\/web3.4vlab.org\/index.php\/wp-json\/wp\/v2\/types\/product"}],"replies":[{"embeddable":true,"href":"https:\/\/web3.4vlab.org\/index.php\/wp-json\/wp\/v2\/comments?post=666"}],"wp:featuredmedia":[{"embeddable":true,"href":"https:\/\/web3.4vlab.org\/index.php\/wp-json\/wp\/v2\/media\/667"}],"wp:attachment":[{"href":"https:\/\/web3.4vlab.org\/index.php\/wp-json\/wp\/v2\/media?parent=666"}],"wp:term":[{"taxonomy":"product_cat","embeddable":true,"href":"https:\/\/web3.4vlab.org\/index.php\/wp-json\/wp\/v2\/product_cat?post=666"},{"taxonomy":"product_tag","embeddable":true,"href":"https:\/\/web3.4vlab.org\/index.php\/wp-json\/wp\/v2\/product_tag?post=666"}],"curies":[{"name":"wp","href":"https:\/\/api.w.org\/{rel}","templated":true}]}}